{"id":68,"date":"2014-10-28T16:46:02","date_gmt":"2014-10-28T15:46:02","guid":{"rendered":"https:\/\/www.nanoq.de\/?page_id=68"},"modified":"2017-02-21T16:02:32","modified_gmt":"2017-02-21T15:02:32","slug":"home-2","status":"publish","type":"page","link":"https:\/\/www.nanoq.de\/","title":{"rendered":"Home"},"content":{"rendered":"<div id=\"pl-68\"  class=\"panel-layout\" ><div id=\"pg-68-0\"  class=\"panel-grid panel-has-style\" ><div class=\"siteorigin-panels-stretch panel-row-style-full-width panel-row-style panel-row-style-for-68-0\" data-stretch-type=\"full-stretched\" ><div id=\"pgc-68-0-0\"  class=\"panel-grid-cell panel-grid-cell-empty\" ><\/div><div id=\"pgc-68-0-1\"  class=\"panel-grid-cell panel-grid-cell-empty\" ><\/div><div id=\"pgc-68-0-2\"  class=\"panel-grid-cell\" ><div id=\"panel-68-0-2-0\" class=\"so-panel widget widget_headline-widget panel-first-child panel-last-child\" data-index=\"0\" >\t\t<h1>Strom von der Sonne<\/h1>\n\t\t<div class=\"decoration\"><div class=\"decoration-inside\"><\/div><\/div>\n\t\t<h3>Saubere Energie<\/h3>\n\t\t<\/div><\/div><div id=\"pgc-68-0-3\"  class=\"panel-grid-cell panel-grid-cell-empty panel-grid-cell-mobile-last\" ><\/div><div id=\"pgc-68-0-4\"  class=\"panel-grid-cell panel-grid-cell-empty\" ><\/div><\/div><\/div><div id=\"pg-68-1\"  class=\"panel-grid panel-has-style\" ><div class=\"siteorigin-panels-stretch panel-row-style-full-width panel-row-style panel-row-style-for-68-1\" style=\"border-top: 1px solid #91be2f; \" data-stretch-type=\"full-stretched\" ><div id=\"pgc-68-1-0\"  class=\"panel-grid-cell panel-grid-cell-empty\" ><\/div><div id=\"pgc-68-1-1\"  class=\"panel-grid-cell\" ><div id=\"panel-68-1-1-0\" class=\"so-panel widget widget_text panel-first-child panel-last-child\" data-index=\"1\" ><div class=\"panel-widget-style panel-widget-style-for-68-1-1-0\" >\t\t\t<div class=\"textwidget\"><span class='mb-center maxbutton-4-center'><span class='maxbutton-4-container mb-container'><a class=\"maxbutton-4 maxbutton maxbutton-solar-module\" href=\"https:\/\/www.nanoq.de\/?page_id=430\"><span class='mb-text'>Solarmodule Zuhause<\/span><\/a><\/span><\/span> <\/div>\n\t\t<\/div><\/div><\/div><div id=\"pgc-68-1-2\"  class=\"panel-grid-cell panel-grid-cell-empty\" ><\/div><div id=\"pgc-68-1-3\"  class=\"panel-grid-cell panel-grid-cell-mobile-last\" ><div id=\"panel-68-1-3-0\" class=\"so-panel widget widget_text panel-first-child panel-last-child\" data-index=\"2\" ><div class=\"panel-widget-style panel-widget-style-for-68-1-3-0\" >\t\t\t<div class=\"textwidget\"><span class='mb-center maxbutton-5-center'><span class='maxbutton-5-container mb-container'><a class=\"maxbutton-5 maxbutton maxbutton-der-weg-zur-pv-anlage\" href=\"https:\/\/www.nanoq.de\/?page_id=432\"><span class='mb-text'>Der Weg zur PV-Anlage<\/span><\/a><\/span><\/span><\/div>\n\t\t<\/div><\/div><\/div><div id=\"pgc-68-1-4\"  class=\"panel-grid-cell panel-grid-cell-empty\" ><\/div><\/div><\/div><div id=\"pg-68-2\"  class=\"panel-grid panel-has-style\" ><div class=\"siteorigin-panels-stretch panel-row-style-full-width panel-row-style panel-row-style-for-68-2\" style=\"border-bottom: 1px solid #91be2f; \" data-stretch-type=\"full-stretched\" ><div id=\"pgc-68-2-0\"  class=\"panel-grid-cell\" ><div id=\"panel-68-2-0-0\" class=\"so-panel widget widget_text panel-first-child panel-last-child\" data-index=\"3\" ><div class=\"panel-widget-style panel-widget-style-for-68-2-0-0\" >\t\t\t<div class=\"textwidget\"><h1><em><italic style=\"color: #91be2f;\">Solare - Vorteile<\/italic><\/em><\/h1>\n<h5><em><span style=\"color: #878786;\">Egal welche Art von Energiequelle<br \/>\nSie verwenden: Kohle, Erdgas oder<br \/>\nKernkraftwerk. Es gibt immer drei<br \/>\nSchritte f\u00fcr die Stromversorgung<br \/>\nzu Hause: Erzeugung, \u00dcbertragung<br \/>\nund Verteilung. Jeder von ihnen<br \/>\nproduziert zus\u00e4tzliche Kosten,<br \/>\ndie an Sie weitergegeben werden.<\/span><\/em><\/h5>\n<\/div>\n\t\t<\/div><\/div><\/div><div id=\"pgc-68-2-1\"  class=\"panel-grid-cell\" ><div id=\"panel-68-2-1-0\" class=\"so-panel widget widget_text panel-first-child panel-last-child\" data-index=\"4\" ><div class=\"panel-widget-style panel-widget-style-for-68-2-1-0\" >\t\t\t<div class=\"textwidget\"><img src=\"https:\/\/www.nanoq.de\/wp-content\/uploads\/less-effective.png\" \/><\/div>\n\t\t<\/div><\/div><\/div><div id=\"pgc-68-2-2\"  class=\"panel-grid-cell\" ><div id=\"panel-68-2-2-0\" class=\"so-panel widget widget_text panel-first-child panel-last-child\" data-index=\"5\" ><div class=\"panel-widget-style panel-widget-style-for-68-2-2-0\" >\t\t\t<div class=\"textwidget\"><img src=\"https:\/\/www.nanoq.de\/wp-content\/uploads\/more-effective.png\" \/><\/div>\n\t\t<\/div><\/div><\/div><div id=\"pgc-68-2-3\"  class=\"panel-grid-cell\" ><div id=\"panel-68-2-3-0\" class=\"so-panel widget widget_text panel-first-child panel-last-child\" data-index=\"6\" ><div class=\"panel-widget-style panel-widget-style-for-68-2-3-0\" >\t\t\t<div class=\"textwidget\"><h1><em><italic style=\"color: #91be2f;\">Nanoq Home Energy<\/italic><\/em><\/h1>\n<h5><em><span style=\"color: #878786;\">Mit Nanoq Home Energy optimieren<br \/>\nwir diesen Prozess - nicht kompliziert<br \/>\n- einfach nur einfach - der Strom flie\u00dft<br \/>\ndirekt vom Dach zu Ihnen. Wir \u00fcbernehmen<br \/>\nf\u00fcr Sie alle n\u00f6tigen Schritte.<br \/>\nEs ist eine einfache, intelligente Energiel\u00f6sung.<\/span><\/em><\/h5>\n<\/div>\n\t\t<\/div><\/div><\/div><\/div><\/div><div id=\"pg-68-3\"  class=\"panel-grid panel-has-style\" ><div class=\"siteorigin-panels-stretch panel-row-style-full-width panel-row-style panel-row-style-for-68-3\" style=\"background-color: #ffffff; \" data-stretch-type=\"full-stretched\" ><div id=\"pgc-68-3-0\"  class=\"panel-grid-cell\" ><div id=\"panel-68-3-0-0\" class=\"so-panel widget widget_text panel-first-child panel-last-child\" data-index=\"7\" ><div class=\"panel-widget-style panel-widget-style-for-68-3-0-0\" >\t\t\t<div class=\"textwidget\"><div id=\"metaslider-id-485\" style=\"width: 100%; margin: 0 auto;\" class=\"ml-slider-3-31-0 metaslider metaslider-nivo metaslider-485 ml-slider ms-theme-nivo-light\">\n    <div id=\"metaslider_container_485\">\n        <div class='slider-wrapper theme-default'><div class='ribbon'><\/div><div id='metaslider_485' class='nivoSlider'><img src=\"https:\/\/www.nanoq.de\/wp-content\/uploads\/Fotolia_72564787_L-1680-x-512-1680x400.jpg\" height=\"400\" width=\"1680\" alt=\"\" class=\"slider-485 slide-461\" \/><img src=\"https:\/\/www.nanoq.de\/wp-content\/uploads\/Fotolia_48259316_L-1680-x-512-1680x400.jpg\" height=\"400\" width=\"1680\" alt=\"\" class=\"slider-485 slide-453\" \/><img src=\"https:\/\/www.nanoq.de\/wp-content\/uploads\/Fotolia_52576728_L-1680-x-512-1680x400.jpg\" height=\"400\" width=\"1680\" alt=\"\" class=\"slider-485 slide-454\" \/><\/div><\/div>\n        \n    <\/div>\n<\/div><\/div>\n\t\t<\/div><\/div><\/div><\/div><\/div><\/div>","protected":false},"excerpt":{"rendered":"<p>Strom von der Sonne Saubere Energie Solarmodule Zuhause Der Weg zur PV-Anlage Solare &#8211; Vorteile Egal welche Art von Energiequelle Sie verwenden: Kohle, Erdgas oder Kernkraftwerk. Es gibt immer drei Schritte f\u00fcr die Stromversorgung zu Hause: Erzeugung, \u00dcbertragung und Verteilung. Jeder von ihnen produziert zus\u00e4tzliche Kosten, die an Sie weitergegeben werden. Nanoq Home Energy Mit [&hellip;]<\/p>\n","protected":false},"author":1,"featured_media":0,"parent":0,"menu_order":0,"comment_status":"closed","ping_status":"closed","template":"home-panels.php","meta":[],"_links":{"self":[{"href":"https:\/\/www.nanoq.de\/index.php?rest_route=\/wp\/v2\/pages\/68"}],"collection":[{"href":"https:\/\/www.nanoq.de\/index.php?rest_route=\/wp\/v2\/pages"}],"about":[{"href":"https:\/\/www.nanoq.de\/index.php?rest_route=\/wp\/v2\/types\/page"}],"author":[{"embeddable":true,"href":"https:\/\/www.nanoq.de\/index.php?rest_route=\/wp\/v2\/users\/1"}],"replies":[{"embeddable":true,"href":"https:\/\/www.nanoq.de\/index.php?rest_route=%2Fwp%2Fv2%2Fcomments&post=68"}],"version-history":[{"count":331,"href":"https:\/\/www.nanoq.de\/index.php?rest_route=\/wp\/v2\/pages\/68\/revisions"}],"predecessor-version":[{"id":974,"href":"https:\/\/www.nanoq.de\/index.php?rest_route=\/wp\/v2\/pages\/68\/revisions\/974"}],"wp:attachment":[{"href":"https:\/\/www.nanoq.de\/index.php?rest_route=%2Fwp%2Fv2%2Fmedia&parent=68"}],"curies":[{"name":"wp","href":"https:\/\/api.w.org\/{rel}","templated":true}]}}